{"id":1731,"date":"2026-02-26T15:16:19","date_gmt":"2026-02-26T12:16:19","guid":{"rendered":"https:\/\/diamondinterior.be\/?page_id=1731"},"modified":"2026-02-26T15:18:45","modified_gmt":"2026-02-26T12:18:45","slug":"maak-een-afspraak","status":"publish","type":"page","link":"https:\/\/diamondinterior.be\/fr\/maak-een-afspraak\/","title":{"rendered":"Maak een afspraak"},"content":{"rendered":"<div data-elementor-type=\"wp-page\" data-elementor-id=\"1731\" class=\"elementor elementor-1731\">\n\t\t\t\t\t\t<section class=\"elementor-section elementor-top-section elementor-element elementor-element-88ab63e pbmit-sticky-section pbmit-col-stretched-none pbmit-bg-color-over-image elementor-section-boxed elementor-section-height-default elementor-section-height-default\" data-id=\"88ab63e\" data-element_type=\"section\" data-e-type=\"section\" data-settings=\"{&quot;background_background&quot;:&quot;classic&quot;}\">\n\t\t\t\t\t\t<div class=\"elementor-container elementor-column-gap-no\">\n\t\t\t\t\t<div class=\"elementor-column elementor-col-100 elementor-top-column elementor-element elementor-element-49414a7 pbmit-bg-color-yes pbmit-elementor-bg-color-light pbmit-bg-color-over-image\" data-id=\"49414a7\" data-element_type=\"column\" data-e-type=\"column\">\n\t\t\t<div class=\"elementor-widget-wrap elementor-element-populated\">\n\t\t\t\t\t\t<div class=\"elementor-element elementor-element-2ed6edf elementor-widget elementor-widget-pbmit_heading\" data-id=\"2ed6edf\" data-element_type=\"widget\" data-e-type=\"widget\" data-widget_type=\"pbmit_heading.default\">\n\t\t\t\t<div class=\"elementor-widget-container\">\n\t\t\t\t\t <div class=\"pbmit-heading-subheading pbmit-reverse-heading-yes animation-style2\"><h4 class=\"pbmit-element-subtitle\"><span>\r\n\t\t\t\t<\/span>\r\n\t\t\t\t\r\n\t\t\t\t\tCONTACTEZ-NOUS\r\n\t\t\t\t\r\n\t\t\t\t<\/h4>\r\n\t\t\t<h2 class=\"pbmit-element-title\">\r\n\t\t\t\t\r\n\t\t\t\t\tWij beantwoorden graag\nal uw vragen.\r\n\t\t\t\t\r\n\t\t\t\t<\/h2>\r\n\t\t\t<div class=\"pbmit-heading-desc\">Avez-vous des questions \u00e0 propos d'un projet sp\u00e9cifique, ou aimeriez-vous savoir ce que nous pouvons faire pour votre int\u00e9rieur? H\u00e9sitez pas \u00e0 nous contacter pour obtenir des conseils professionnels.<\/div><\/div>\t\t\t\t<\/div>\n\t\t\t\t<\/div>\n\t\t\t\t<div class=\"elementor-element elementor-element-2887756 elementor-widget elementor-widget-pbmit_custom_heading\" data-id=\"2887756\" data-element_type=\"widget\" data-e-type=\"widget\" data-widget_type=\"pbmit_custom_heading.default\">\n\t\t\t\t<div class=\"elementor-widget-container\">\n\t\t\t\t\t\t<div class=\"pbmit-custom-heading -align animation-style2\"><h2 class=\"pbmit-element-title\">\r\n\t\t\t\t\r\n\t\t\t\t\tEnvoyer un message\r\n\t\t\t\t\r\n\t\t\t\t<\/h2>\r\n\t\t\t<\/div>\t\t\t\t<\/div>\n\t\t\t\t<\/div>\n\t\t\t\t<div class=\"elementor-element elementor-element-3c0f154 elementor-widget elementor-widget-shortcode\" data-id=\"3c0f154\" data-element_type=\"widget\" data-e-type=\"widget\" data-widget_type=\"shortcode.default\">\n\t\t\t\t<div class=\"elementor-widget-container\">\n\t\t\t\t\t\t\t<div class=\"elementor-shortcode\">\n<div class=\"wpcf7 no-js\" id=\"wpcf7-f72-o1\" lang=\"en-US\" dir=\"ltr\" data-wpcf7-id=\"72\">\n<div class=\"screen-reader-response\"><p role=\"status\" aria-live=\"polite\" aria-atomic=\"true\"><\/p> <ul><\/ul><\/div>\n<form action=\"\/fr\/wp-json\/wp\/v2\/pages\/1731#wpcf7-f72-o1\" method=\"post\" class=\"wpcf7-form init\" aria-label=\"Contact form\" novalidate=\"novalidate\" data-status=\"init\" data-trp-original-action=\"\/fr\/wp-json\/wp\/v2\/pages\/1731#wpcf7-f72-o1\">\n<fieldset class=\"hidden-fields-container\"><input type=\"hidden\" name=\"_wpcf7\" value=\"72\" \/><input type=\"hidden\" name=\"_wpcf7_version\" value=\"6.1.5\" \/><input type=\"hidden\" name=\"_wpcf7_locale\" value=\"en_US\" \/><input type=\"hidden\" name=\"_wpcf7_unit_tag\" value=\"wpcf7-f72-o1\" \/><input type=\"hidden\" name=\"_wpcf7_container_post\" value=\"0\" \/><input type=\"hidden\" name=\"_wpcf7_posted_data_hash\" value=\"\" \/>\n<\/fieldset>\n<div class=\"pbmit-form pbmit-team-form\">\n\t<div class=\"row\">\n\t\t<div class=\"col-sm-12\">\n\t\t\t<div class=\"input-group input-textarea\">\n\t\t\t\t<p><span class=\"wpcf7-form-control-wrap\" data-name=\"textarea-806\"><textarea cols=\"40\" rows=\"10\" maxlength=\"2000\" class=\"wpcf7-form-control wpcf7-textarea wpcf7-validates-as-required\" aria-required=\"true\" aria-invalid=\"false\" placeholder=\"Message\" name=\"textarea-806\"><\/textarea><\/span>\n\t\t\t\t<\/p>\n\t\t\t<\/div>\n\t\t<\/div>\n\t<\/div>\n\t<div class=\"row\">\n\t\t<div class=\"col-sm-12 col-md-6\">\n\t\t\t<div class=\"input-group\">\n\t\t\t\t<p><span class=\"wpcf7-form-control-wrap\" data-name=\"your-name\"><input size=\"40\" maxlength=\"400\" class=\"wpcf7-form-control wpcf7-text wpcf7-validates-as-required\" aria-required=\"true\" aria-invalid=\"false\" placeholder=\"Votre nom *votre\" value=\"\" type=\"text\" name=\"your-name\" \/><\/span>\n\t\t\t\t<\/p>\n\t\t\t<\/div>\n\t\t<\/div>\n\t\t<div class=\"col-sm-12 col-md-6\">\n\t\t\t<div class=\"input-group\">\n\t\t\t\t<p><span class=\"wpcf7-form-control-wrap\" data-name=\"email-address\"><input size=\"40\" maxlength=\"400\" class=\"wpcf7-form-control wpcf7-email wpcf7-validates-as-required wpcf7-text wpcf7-validates-as-email\" aria-required=\"true\" aria-invalid=\"false\" placeholder=\"Votre adresse email *\" value=\"\" type=\"email\" name=\"email-address\" \/><\/span>\n\t\t\t\t<\/p>\n\t\t\t<\/div>\n\t\t<\/div>\n\t<\/div>\n\t<div class=\"row\">\n\t\t<div class=\"col-sm-12 col-md-6\">\n\t\t\t<div class=\"input-group\">\n\t\t\t\t<p><span class=\"wpcf7-form-control-wrap\" data-name=\"phone-number\"><input size=\"40\" maxlength=\"400\" class=\"wpcf7-form-control wpcf7-text wpcf7-validates-as-required\" aria-required=\"true\" aria-invalid=\"false\" placeholder=\"Votre t\u00e9l\u00e9phone *\" value=\"\" type=\"text\" name=\"phone-number\" \/><\/span>\n\t\t\t\t<\/p>\n\t\t\t<\/div>\n\t\t<\/div>\n\t\t<div class=\"col-sm-12 col-md-6\">\n\t\t\t<div class=\"input-group\">\n\t\t\t\t<p><span class=\"wpcf7-form-control-wrap\" data-name=\"subject\"><input size=\"40\" maxlength=\"400\" class=\"wpcf7-form-control wpcf7-text wpcf7-validates-as-required\" aria-required=\"true\" aria-invalid=\"false\" placeholder=\"Sujet\" value=\"\" type=\"text\" name=\"subject\" \/><\/span>\n\t\t\t\t<\/p>\n\t\t\t<\/div>\n\t\t<\/div>\n\t<\/div>\n\t<div class=\"col-sm-12\">\n\t\t<p><span class=\"wpcf7-form-control-wrap\" data-name=\"checkbox-274\"><span class=\"wpcf7-form-control wpcf7-checkbox\"><span class=\"wpcf7-list-item first last\"><label><input type=\"checkbox\" name=\"checkbox-274[]\" value=\"Bewaar mijn naam, e-mailadres en website in deze browser voor de volgende keer dat ik een reactie plaats.\" \/><span class=\"wpcf7-list-item-label\">Enregistrer mon nom, email, adresse et site web dans le navigateur pour la prochaine fois que je poste un commentaire.<\/span><\/label><\/span><\/span><\/span>\n\t\t<\/p>\n\t<\/div>\n\t<div class=\"col-sm-12\">\n\t\t<div class=\"input-group input-button\">\n\t\t\t<p><button id='submit' class='wpcf7-form-control wpcf7-submit'><span class=\"pbmit-button-icon-wrapper\"><span class=\"pbmit-button-text\">Envoyer maintenant<\/span><\/span><\/button>\n\t\t\t<\/p>\n\t\t<\/div>\n\t<\/div>\n<\/div><div class=\"wpcf7-response-output\" aria-hidden=\"true\"><\/div>\n<input type=\"hidden\" name=\"trp-form-language\" value=\"fr\"\/><\/form>\n<\/div>\n<\/div>\n\t\t\t\t\t\t<\/div>\n\t\t\t\t<\/div>\n\t\t\t\t\t<\/div>\n\t\t<\/div>\n\t\t\t\t\t<\/div>\n\t\t<\/section>\n\t\t\t\t<div class=\"elementor-section elementor-top-section elementor-element elementor-element-c1feb02 elementor-section-full_width elementor-section-stretched pbmit-col-stretched-none pbmit-bg-color-over-image elementor-section-height-default elementor-section-height-default\" data-id=\"c1feb02\" data-element_type=\"section\" data-e-type=\"section\" data-settings=\"{&quot;stretch_section&quot;:&quot;section-stretched&quot;}\">\n\t\t\t\t\t\t<div class=\"elementor-container elementor-column-gap-no\">\n\t\t\t\t\t<div class=\"elementor-column elementor-col-100 elementor-top-column elementor-element elementor-element-c55b218 pbmit-bg-color-over-image\" data-id=\"c55b218\" data-element_type=\"column\" data-e-type=\"column\">\n\t\t\t<div class=\"elementor-widget-wrap elementor-element-populated\">\n\t\t\t\t\t\t<div class=\"elementor-element elementor-element-dbe8a39 elementor-widget elementor-widget-html\" data-id=\"dbe8a39\" data-element_type=\"widget\" data-e-type=\"widget\" data-widget_type=\"html.default\">\n\t\t\t\t<div class=\"elementor-widget-container\">\n\t\t\t\t\t<div class=\"diamond-contact-bar\">\r\n    <a href=\"tel:+32472066876\" class=\"d-item\">\r\n        <span class=\"d-icon\">\r\n            <svg viewbox=\"0 0 24 24\" fill=\"currentColor\" xmlns=\"http:\/\/www.w3.org\/2000\/svg\">\r\n                <path d=\"M6.62 10.79c1.44 2.83 3.76 5.14 6.59 6.59l2.2-2.2c.27-.27.67-.36 1.02-.24 1.12.37 2.33.57 3.57.57.55 0 1 .45 1 1V20c0 .55-.45 1-1 1-9.39 0-17-7.61-17-17 0-.55.45-1 1-1h3.5c.55 0 1 .45 1 1 0 1.25.2 2.45.57 3.57.11.35.03.74-.25 1.02l-2.2 2.2z\"\/>\r\n            <\/svg>\r\n        <\/span>\r\n        <div class=\"d-content\">\r\n            <span class=\"d-label\">Appel<\/span>\r\n            <span class=\"d-value\">+32 0472 06 68 76<\/span>\r\n        <\/div>\r\n    <\/a>\r\n\r\n    <div class=\"d-separator\"><\/div>\r\n\r\n    <a href=\"https:\/\/wa.me\/32472066876\" class=\"d-item\" target=\"_blank\" rel=\"noopener\">\r\n        <span class=\"d-icon whatsapp-svg\">\r\n            <svg viewbox=\"0 0 24 24\" fill=\"currentColor\" xmlns=\"http:\/\/www.w3.org\/2000\/svg\">\r\n                <path d=\"M12.031 2c-5.511 0-9.989 4.478-9.989 9.989 0 1.762.457 3.418 1.257 4.864l-1.334 4.868 4.985-1.309c1.408.77 3.014 1.211 4.72 1.211 5.511 0 9.989-4.478 9.989-9.989S17.542 2 12.031 2zm6.603 14.394c-.272.764-1.584 1.465-2.205 1.558-.56.085-1.282.155-2.074-.102-.49-.158-1.114-.38-1.902-.721-3.364-1.455-5.541-4.877-5.709-5.1-.168-.224-1.365-1.815-1.365-3.463 0-1.648.861-2.458 1.169-2.784.309-.325.674-.407.898-.407.225 0 .45.004.646.013.203.009.475-.078.744.57.27.65.92 2.247.999 2.411.08.163.133.353.025.568-.109.215-.164.349-.326.539-.163.189-.342.423-.489.568-.164.163-.335.342-.144.668.191.326.85 1.396 1.819 2.26.837.744 1.542 1.144 1.87 1.309.327.164.519.137.711-.082.191-.219.824-.961 1.045-1.29.221-.329.441-.274.743-.163.303.111 1.916.904 2.246 1.068.331.163.551.244.632.38.081.137.081.791-.191 1.555z\"\/>\r\n            <\/svg>\r\n        <\/span>\r\n        <div class=\"d-content\">\r\n            <span class=\"d-label\">WhatsApp<\/span>\r\n            <span class=\"d-value\">Chat avec nous<\/span>\r\n        <\/div>\r\n    <\/a>\r\n\r\n    <div class=\"d-separator\"><\/div>\r\n\r\n    <a href=\"mailto:info@diamondinterior.be\" class=\"d-item\">\r\n        <span class=\"d-icon\">\r\n            <svg viewbox=\"0 0 24 24\" fill=\"currentColor\" xmlns=\"http:\/\/www.w3.org\/2000\/svg\">\r\n                <path d=\"M20 4H4c-1.1 0-1.99.9-1.99 2L2 18c0 1.1.9 2 2 2h16c1.1 0 2-.9 2-2V6c0-1.1-.9-2-2-2zm0 4l-8 5-8-5V6l8 5 8-5v2z\"\/>\r\n            <\/svg>\r\n        <\/span>\r\n        <div class=\"d-content\">\r\n            <span class=\"d-label\">E-mail<\/span>\r\n            <span class=\"d-value\">info@diamondinterior.be<\/span>\r\n        <\/div>\r\n    <\/a>\r\n\r\n    <div class=\"d-separator\"><\/div>\r\n\r\n    <a href=\"https:\/\/diamondinterior.be\/fr\/contact\/\" class=\"d-item\">\r\n        <span class=\"d-icon\">\r\n            <svg viewbox=\"0 0 24 24\" fill=\"currentColor\" xmlns=\"http:\/\/www.w3.org\/2000\/svg\">\r\n                <path d=\"M21 15c0 1.1-.9 2-2 2H7l-4 4V5c0-1.1.9-2 2-2h14c1.1 0 2 .9 2 2v10zm-2-10H5v10h14V5z\"\/>\r\n            <\/svg>\r\n        <\/span>\r\n        <div class=\"d-content\">\r\n            <span class=\"d-label\">Contact<\/span>\r\n            <span class=\"d-value\">Contactez-nous<\/span>\r\n        <\/div>\r\n    <\/a>\r\n<\/div>\r\n\r\n<style>\r\n\/* Diamond Bar Stilleri *\/\r\n.diamond-contact-bar {\r\n    display: flex;\r\n    justify-content: space-around;\r\n    align-items: center;\r\n    background-color: #ffffff;\r\n    padding: 25px 5%;\r\n    box-shadow: 0px 10px 30px rgba(0,0,0,0.05);\r\n    width: 100%;\r\n    box-sizing: border-box;\r\n}\r\n\r\n.d-item {\r\n    display: flex;\r\n    align-items: center;\r\n    text-decoration: none;\r\n    transition: all 0.3s ease;\r\n    flex: 1;\r\n    justify-content: center;\r\n}\r\n\r\n.d-item:hover { transform: translateY(-2px); }\r\n\r\n.d-icon {\r\n    width: 28px;\r\n    height: 28px;\r\n    margin-right: 15px;\r\n    color: #bb9a65;\r\n    display: flex;\r\n    align-items: center;\r\n    justify-content: center;\r\n    flex-shrink: 0;\r\n}\r\n\r\n.d-icon svg { width: 100%; height: 100%; display: block; }\r\n.whatsapp-svg { color: #25D366 !important; }\r\n\r\n.d-content { display: flex; flex-direction: column; }\r\n.d-label {\r\n    font-family: 'Space Grotesk', sans-serif;\r\n    font-size: 11px;\r\n    text-transform: uppercase;\r\n    letter-spacing: 1px;\r\n    color: #888;\r\n    margin-bottom: 2px;\r\n}\r\n\r\n.d-value {\r\n    font-family: 'Space Grotesk', sans-serif;\r\n    font-size: 16px;\r\n    font-weight: 800;\r\n    color: #1a1a1a;\r\n    white-space: nowrap;\r\n}\r\n\r\n.d-separator { width: 1px; height: 40px; background-color: #eee; }\r\n\r\n@media (max-width: 992px) {\r\n    .diamond-contact-bar { flex-wrap: wrap; padding: 20px; }\r\n    .d-item { flex: 0 0 45%; margin: 10px 0; justify-content: flex-start; }\r\n    .d-separator { display: none; }\r\n}\r\n\r\n@media (max-width: 600px) {\r\n    .d-item { flex: 0 0 100%; border-bottom: 1px solid #f9f9f9; padding-bottom: 12px; margin-bottom: 12px; }\r\n    .d-item:last-child { border-bottom: none; margin-bottom: 0; }\r\n}\r\n<\/style>\t\t\t\t<\/div>\n\t\t\t\t<\/div>\n\t\t\t\t<div class=\"elementor-element elementor-element-4e7976f elementor-widget elementor-widget-google_maps\" data-id=\"4e7976f\" data-element_type=\"widget\" data-e-type=\"widget\" data-widget_type=\"google_maps.default\">\n\t\t\t\t<div class=\"elementor-widget-container\">\n\t\t\t\t\t\t\t<div class=\"elementor-custom-embed\">\n\t\t\t<iframe loading=\"lazy\"\n\t\t\t\t\tsrc=\"https:\/\/maps.google.com\/maps?q=Diamond%20Interieur%20Antwerp%2C%20Belgium&#038;t=m&#038;z=18&#038;output=embed&#038;iwloc=near\"\n\t\t\t\t\ttitle=\"Diamant Interieur Anvers, Belgique\"\n\t\t\t\t\taria-label=\"Diamant Interieur Anvers, Belgique\"\n\t\t\t><\/iframe>\n\t\t<\/div>\n\t\t\t\t\t\t<\/div>\n\t\t\t\t<\/div>\n\t\t\t\t\t<\/div>\n\t\t<\/div>\n\t\t\t\t\t<\/div>\n\t\t<\/div>\n\t\t\t\t<\/div>","protected":false},"excerpt":{"rendered":"<p>NEEM CONTACT OP Wij beantwoorden graag al uw vragen. Heeft u vragen over een specifiek project of wilt u weten wat wij voor uw interieur kunnen betekenen? Neem vrijblijvend contact met ons op voor professioneel advies. Stuur een bericht Bellen +32 0472 06 68 76 WhatsApp Chat met ons E-mail info@diamondinterior.be Contact Neem contact op<\/p>","protected":false},"author":1,"featured_media":0,"parent":0,"menu_order":32,"comment_status":"closed","ping_status":"closed","template":"","meta":{"_acf_changed":false,"inline_featured_image":false,"footnotes":""},"class_list":["post-1731","page","type-page","status-publish","hentry"],"acf":[],"_links":{"self":[{"href":"https:\/\/diamondinterior.be\/fr\/wp-json\/wp\/v2\/pages\/1731","targetHints":{"allow":["GET"]}}],"collection":[{"href":"https:\/\/diamondinterior.be\/fr\/wp-json\/wp\/v2\/pages"}],"about":[{"href":"https:\/\/diamondinterior.be\/fr\/wp-json\/wp\/v2\/types\/page"}],"author":[{"embeddable":true,"href":"https:\/\/diamondinterior.be\/fr\/wp-json\/wp\/v2\/users\/1"}],"replies":[{"embeddable":true,"href":"https:\/\/diamondinterior.be\/fr\/wp-json\/wp\/v2\/comments?post=1731"}],"version-history":[{"count":4,"href":"https:\/\/diamondinterior.be\/fr\/wp-json\/wp\/v2\/pages\/1731\/revisions"}],"predecessor-version":[{"id":1735,"href":"https:\/\/diamondinterior.be\/fr\/wp-json\/wp\/v2\/pages\/1731\/revisions\/1735"}],"wp:attachment":[{"href":"https:\/\/diamondinterior.be\/fr\/wp-json\/wp\/v2\/media?parent=1731"}],"curies":[{"name":"wp","href":"https:\/\/api.w.org\/{rel}","templated":true}]}}